{"id":23335,"date":"2021-12-14T04:18:41","date_gmt":"2021-12-14T04:18:41","guid":{"rendered":"https:\/\/www.nicoou.com\/home-v11\/"},"modified":"2026-03-15T07:21:54","modified_gmt":"2026-03-15T07:21:54","slug":"home-v11","status":"publish","type":"page","link":"https:\/\/www.nicoou.com\/en\/","title":{"rendered":"Home v11"},"content":{"rendered":"\t\t<div data-elementor-type=\"wp-page\" data-elementor-id=\"23335\" class=\"elementor elementor-23335 elementor-2588\">\n\t\t\t\t\t\t<section class=\"elementor-section elementor-top-section elementor-element elementor-element-5467f32 elementor-section-full_width elementor-section-height-default elementor-section-height-default elementor-section-column-vertical-align-stretch\" data-id=\"5467f32\" data-element_type=\"section\">\n\t\t\t\t\t\t<div class=\"elementor-container elementor-column-gap-no\">\n\t\t\t\t\t<div class=\"elementor-column elementor-col-100 elementor-top-column elementor-element elementor-element-a008836\" data-id=\"a008836\" data-element_type=\"column\" data-settings=\"{&quot;background_background&quot;:&quot;classic&quot;}\">\n\t\t\t<div class=\"elementor-widget-wrap elementor-element-populated\">\n\t\t\t\t\t\t<div class=\"elementor-element elementor-element-60253f2 elementor-widget elementor-widget-tm-modern-slider\" data-id=\"60253f2\" data-element_type=\"widget\" data-settings=\"{&quot;swiper_items_tablet&quot;:&quot;1&quot;,&quot;swiper_items_mobile&quot;:&quot;1&quot;}\" data-widget_type=\"tm-modern-slider.default\">\n\t\t\t\t<div class=\"elementor-widget-container\">\n\t\t\t\t\t\t\t<div class=\"tm-modern-slider tm-modern-slider--layout-split\">\n\t\t\t\n\t\t<div class=\"tm-swiper tm-slider-widget use-elementor-breakpoints pagination-style-01 bullets-vertical bullets-h-align-right bullets-v-align-middle slide-layer-transition\" data-items-tablet=\"1\" data-items-mobile=\"1\" data-gutter-desktop=\"0\" data-pagination-aligned-by=\"slider\" data-pagination=\"1\" data-loop=\"1\" data-simulate-touch=\"1\" data-autoplay=\"5000\" data-effect=\"fade\" data-layer-transition=\"1\" data-fade-effect=\"custom\" style=\"--ken-burn-speed: 5000ms\" data-nav-grid-container=\"container-wide\" data-items-desktop=\"1\">\n\t\t\t<div class=\"swiper-inner\">\n\n\t\t\t\t\n\t\t\t\t<div class=\"swiper\">\n\t\t\t\t\t<div class=\"swiper-wrapper\">\n\t\t\t\t\t\t\t\t\t<div class=\"swiper-slide elementor-repeater-item-6cff535 minimog-slide-bg-animation-\">\n\t\t\t\t<div class=\"minimog-box\">\t\t\t\t<div class=\"slide-bg-wrap minimog-image\">\n\t\t\t\t\t<div class=\"slide-bg image\"><\/div>\n\t\t\t\t<\/div>\n\t\t\t\t<div class=\"slide-content container-wide\">\n\t\t\t\t\t<div class=\"slide-layers\">\n\t\t\t\t\t\t\n\t\t\t\t\t\t\n\t\t\t\t\t\t\n\t\t\t\t\t\t\t\t\t\t\t\t\t<div class=\"slide-layer-wrap button-wrap\">\n\t\t\t\t\t\t\t\t<div class=\"slide-layer\">\n\t\t\t\t\t\t\t\t\t<div class=\"tm-button-wrapper\">\n\t\t\t\t\t\t\t\t\t\t<a class=\"tm-button style-bottom-thick-line\" href=\"https:\/\/www.nicoou.com\/shop\">\n\t\t\t\t\t\t\t\t\t\t<div class=\"button-content-wrapper\">\n\t\t\t\t\t\t\t\t\t\t\t\t<span class=\"button-text\">\n\t\t\t\t\t\t\t\t\t\t\t\t\tShop Collection\n\t\t\t\t\t\t\t\t\t\t\t\t\t\t\t\t\t\t\t\t\t\t\t\t\t<\/span>\n\t\t\t\t\t\t\t\t\t\t<\/div>\n\n\t\t\t\t\t\t\t\t\t\t<\/a>\t\t\t\t\t\t\t\t\t<\/div>\n\t\t\t\t\t\t\t\t<\/div>\n\t\t\t\t\t\t\t<\/div>\n\t\t\t\t\t\t\t\t\t\t\t<\/div>\n\t\t\t\t<\/div>\n\n\t\t\t\t<!--Footer-->\n\t\t\t\t\n\t\t\t\t<\/div>\n\t\t\t\t<div class=\"slide-content slide-content-outside\">\n\t\t\t\t\t<div class=\"slide-layers\">\n\t\t\t\t\t\t\n\t\t\t\t\t\t\n\t\t\t\t\t\t\n\t\t\t\t\t\t\t\t\t\t\t\t\t<div class=\"slide-layer-wrap button-wrap\">\n\t\t\t\t\t\t\t\t<div class=\"slide-layer\">\n\t\t\t\t\t\t\t\t\t<div class=\"tm-button-wrapper\">\n\t\t\t\t\t\t\t\t\t\t<a class=\"tm-button style-bottom-thick-line\" href=\"https:\/\/www.nicoou.com\/shop\">\n\t\t\t\t\t\t\t\t\t\t\t<div class=\"button-content-wrapper\">\n\t\t\t\t\t\t\t\t\t\t\t\t<span class=\"button-text\">\n\t\t\t\t\t\t\t\t\t\t\t\t\tShop Collection\n\t\t\t\t\t\t\t\t\t\t\t\t\t\t\t\t\t\t\t\t\t\t\t\t\t<\/span>\n\t\t\t\t\t\t\t\t\t\t\t<\/div>\n\t\t\t\t\t\t\t\t\t\t<\/a>\n\t\t\t\t\t\t\t\t\t<\/div>\n\t\t\t\t\t\t\t\t<\/div>\n\t\t\t\t\t\t\t<\/div>\n\t\t\t\t\t\t\t\t\t\t\t<\/div>\n\t\t\t\t<\/div>\n\t\t\t<\/div>\n\t\t\t\t\t\t\t<\/div>\n\t\t\t\t<\/div>\n\n\t\t\t\t\n\t\t\t<\/div>\n\t\t<\/div>\n\t\t\t\t<\/div>\n\t\t\t\t\t\t<\/div>\n\t\t\t\t<\/div>\n\t\t\t\t\t<\/div>\n\t\t<\/div>\n\t\t\t\t\t<\/div>\n\t\t<\/section>\n\t\t\t\t<section class=\"elementor-section elementor-top-section elementor-element elementor-element-0d497b3 elementor-section-boxed elementor-section-gap-beside-yes elementor-section-height-default elementor-section-height-default elementor-section-column-vertical-align-stretch\" data-id=\"0d497b3\" data-element_type=\"section\">\n\t\t\t\t\t\t<div class=\"elementor-container elementor-column-gap-extended\">\n\t\t\t\t\t<div class=\"elementor-column elementor-col-100 elementor-top-column elementor-element elementor-element-ce99976\" data-id=\"ce99976\" data-element_type=\"column\">\n\t\t\t<div class=\"elementor-widget-wrap elementor-element-populated\">\n\t\t\t\t\t\t<div class=\"elementor-element elementor-element-7a6f877 elementor-widget elementor-widget-tm-heading\" data-id=\"7a6f877\" data-element_type=\"widget\" data-widget_type=\"tm-heading.default\">\n\t\t\t\t<div class=\"elementor-widget-container\">\n\t\t\t\t\t\t\t<div class=\"tm-modern-heading tm-modern-heading--style-02 tm-modern-heading--highlight-style-01\">\n\t\t\t\n\t\t\t\t\t<div class=\"heading-primary-wrap\">\n\t\t\t<h2 class=\"heading-primary elementor-heading-title\">More people will decide<\/h2>\t\t<\/div>\n\t\t\n\t\t\t\n\t\t\t\t\t<\/div>\n\t\t\t\t\t\t<\/div>\n\t\t\t\t<\/div>\n\t\t\t\t<div class=\"elementor-element elementor-element-b9ce2e1 elementor-widget elementor-widget-tm-product-carousel\" data-id=\"b9ce2e1\" data-element_type=\"widget\" data-settings=\"{&quot;swiper_items&quot;:&quot;4&quot;,&quot;swiper_items_tablet_extra&quot;:&quot;3&quot;,&quot;swiper_items_mobile_extra&quot;:&quot;auto-fixed&quot;,&quot;swiper_items_mobile&quot;:&quot;auto-fixed&quot;,&quot;swiper_items_tablet&quot;:&quot;2&quot;}\" data-widget_type=\"tm-product-carousel.default\">\n\t\t\t\t<div class=\"elementor-widget-container\">\n\t\t\t\t\t\n\t\t<div class=\"group-style-01 minimog-product style-carousel-01 caption-style-01 tm-swiper tm-slider-widget use-elementor-breakpoints nav-style-01\" data-items-desktop=\"4\" data-items-tablet-extra=\"3\" data-items-tablet=\"2\" data-items-mobile-extra=\"auto-fixed\" data-items-mobile=\"auto-fixed\" data-items-group-desktop=\"inherit\" data-gutter-desktop=\"30\" data-gutter-tablet=\"10\" data-nav=\"1\" data-nav-aligned-by=\"slider\" data-nav-style=\"01\" data-loop=\"1\" data-simulate-touch=\"1\" data-effect=\"slide\" style=\"--slide-gutter: 30px\">\n\t\t\t<div class=\"swiper-inner\">\n\n\t\t\t\t\n\t\t\t\t<div class=\"swiper\">\n\t\t\t\t\t<div class=\"swiper-wrapper\">\n\t\t\t\t\t\t\t\t\t\t\t\t\t<\/div>\n\t\t\t\t<\/div>\n\n\t\t\t\t\n\t\t\t<\/div>\n\t\t<\/div>\n\t\t\t\t\t\t<\/div>\n\t\t\t\t<\/div>\n\t\t\t\t<div class=\"elementor-element elementor-element-d7c4862 elementor-align-center elementor-widget elementor-widget-tm-button\" data-id=\"d7c4862\" data-element_type=\"widget\" data-widget_type=\"tm-button.default\">\n\t\t\t\t<div class=\"elementor-widget-container\">\n\t\t\t\t\t\t\t<a href=\"https:\/\/www.nicoou.com\/shop\/\" class=\"tm-button-link tm-button style-border tm-button-nm\" role=\"button\">\n\n\t\t\t\t\t<div class=\"button-content-wrapper\">\n\t\t\t\n\t\t\t\t\t<div class=\"button-text\">\n\t\t\t\n\t\t\tShop now\n\t\t\t\n\t\t\t\t\t<\/div>\n\t\t\n\t\t\t\t\t<\/div>\n\t\t\n\t\t\t\t\t<\/a>\n\t\t\t\t\t\t<\/div>\n\t\t\t\t<\/div>\n\t\t\t\t\t<\/div>\n\t\t<\/div>\n\t\t\t\t\t<\/div>\n\t\t<\/section>\n\t\t\t\t<section class=\"elementor-section elementor-top-section elementor-element elementor-element-f7e8138 elementor-section-boxed elementor-section-gap-beside-yes elementor-section-height-default elementor-section-height-default elementor-section-column-vertical-align-stretch\" data-id=\"f7e8138\" data-element_type=\"section\">\n\t\t\t\t\t\t<div class=\"elementor-container elementor-column-gap-extended\">\n\t\t\t\t\t<div class=\"elementor-column elementor-col-50 elementor-top-column elementor-element elementor-element-4e66618\" data-id=\"4e66618\" data-element_type=\"column\">\n\t\t\t<div class=\"elementor-widget-wrap elementor-element-populated\">\n\t\t\t\t\t\t<div class=\"elementor-element elementor-element-a147ec3 minimog-animation-zoom-in elementor-widget elementor-widget-tm-modern-image\" data-id=\"a147ec3\" data-element_type=\"widget\" data-widget_type=\"tm-modern-image.default\">\n\t\t\t\t<div class=\"elementor-widget-container\">\n\t\t\t\t\t\t\t<div class=\"tm-modern-image\">\n\t\t\t\t\t\t\t<div class=\"minimog-box\">\n\t\t\t\t\t<div class=\"minimog-image\">\t\t\t\t\t<m-image class=\"minimog-lazy-image\" style=\"--lazy-image-width: 1400px;--lazy-image-height: 85.714285714286%;\" data-image-loading><img loading=\"lazy\" decoding=\"async\"  src=\"https:\/\/www.nicoou.com\/wp-content\/uploads\/2026\/03\/JNR-Falcon-X-.jpg\" width=\"1400\" height=\"1200\" alt=\"JNR-Falcon-X-\" loading=\"lazy\" class=\"attachment-full size-full\" \/><\/m-image>\t\t\t\t\t<\/div>\t\t\t\t<\/div>\n\t\t\t\t\t\t\t\t\t\t<\/div>\n\t\t\t\t\t\t<\/div>\n\t\t\t\t<\/div>\n\t\t\t\t\t<\/div>\n\t\t<\/div>\n\t\t\t\t<div class=\"elementor-column elementor-col-50 elementor-top-column elementor-element elementor-element-19e55be\" data-id=\"19e55be\" data-element_type=\"column\">\n\t\t\t<div class=\"elementor-widget-wrap elementor-element-populated\">\n\t\t\t\t\t\t<div class=\"elementor-element elementor-element-2170813 elementor-widget elementor-widget-tm-heading\" data-id=\"2170813\" data-element_type=\"widget\" data-widget_type=\"tm-heading.default\">\n\t\t\t\t<div class=\"elementor-widget-container\">\n\t\t\t\t\t\t\t<div class=\"tm-modern-heading tm-modern-heading--style-01 tm-modern-heading--highlight-style-01\">\n\t\t\t\n\t\t\t\t\t<div class=\"heading-primary-wrap\">\n\t\t\t<h2 class=\"heading-primary elementor-heading-title\">The ideal choice for e-cigarette users<\/h2>\t\t<\/div>\n\t\t\n\t\t\t\n\t\t\t\t\t<div class=\"heading-description-wrap\">\n\t\t\t<div class=\"heading-description\">\n\t\t\t\t<p>Der JNR Falcon X 18000 liefert 18.000 genussvolle Z\u00fcge dank fortschrittlicher Dual-Mesh-Coil-Technologie. Erleben Sie atemberaubende Geschmacksintensit\u00e4t mit 29 Premium-Aromen. Das smarte Digitaldisplay informiert Sie stets \u00fcber den aktuellen Status, w\u00e4hrend der leistungsstarke 950-mAh-Akku f\u00fcr langanhaltende Performance sorgt. Mit der Option f\u00fcr 2 % Nikotinsalz und schnellem EU-Versand erwartet Sie Ihr perfektes Dampferlebnis.<\/p>\t\t\t<\/div>\n\t\t<\/div>\n\t\t\t\t<\/div>\n\t\t\t\t\t\t<\/div>\n\t\t\t\t<\/div>\n\t\t\t\t<div class=\"elementor-element elementor-element-5c433ac elementor-widget elementor-widget-tm-button\" data-id=\"5c433ac\" data-element_type=\"widget\" data-widget_type=\"tm-button.default\">\n\t\t\t\t<div class=\"elementor-widget-container\">\n\t\t\t\t\t\t\t<a href=\"https:\/\/www.nicoou.com\/shop\/\" class=\"tm-button-link tm-button style-bottom-thick-line tm-button-nm\" role=\"button\">\n\n\t\t\t\t\t<div class=\"button-content-wrapper\">\n\t\t\t\n\t\t\t\t\t<div class=\"button-text\">\n\t\t\t\n\t\t\tShop now\n\t\t\t\n\t\t\t\t\t<\/div>\n\t\t\n\t\t\t\t\t<\/div>\n\t\t\n\t\t\t\t\t<\/a>\n\t\t\t\t\t\t<\/div>\n\t\t\t\t<\/div>\n\t\t\t\t\t<\/div>\n\t\t<\/div>\n\t\t\t\t\t<\/div>\n\t\t<\/section>\n\t\t\t\t<section class=\"elementor-section elementor-top-section elementor-element elementor-element-697014b elementor-section-boxed elementor-section-gap-beside-yes elementor-section-height-default elementor-section-height-default elementor-section-column-vertical-align-stretch\" data-id=\"697014b\" data-element_type=\"section\">\n\t\t\t\t\t\t<div class=\"elementor-container elementor-column-gap-extended\">\n\t\t\t\t\t<div class=\"elementor-column elementor-col-100 elementor-top-column elementor-element elementor-element-21f7a04\" data-id=\"21f7a04\" data-element_type=\"column\">\n\t\t\t<div class=\"elementor-widget-wrap elementor-element-populated\">\n\t\t\t\t\t\t<div class=\"elementor-element elementor-element-456e7a1 elementor-widget elementor-widget-tm-heading\" data-id=\"456e7a1\" data-element_type=\"widget\" data-widget_type=\"tm-heading.default\">\n\t\t\t\t<div class=\"elementor-widget-container\">\n\t\t\t\t\t\t\t<div class=\"tm-modern-heading tm-modern-heading--style-02 tm-modern-heading--highlight-style-01\">\n\t\t\t\n\t\t\t\t\t<div class=\"heading-primary-wrap\">\n\t\t\t<h2 class=\"heading-primary elementor-heading-title\">Bestseller<\/h2>\t\t<\/div>\n\t\t\n\t\t\t\n\t\t\t\t\t<\/div>\n\t\t\t\t\t\t<\/div>\n\t\t\t\t<\/div>\n\t\t\t\t<div class=\"elementor-element elementor-element-917d31e elementor-widget elementor-widget-tm-product-carousel\" data-id=\"917d31e\" data-element_type=\"widget\" data-settings=\"{&quot;swiper_items&quot;:&quot;4&quot;,&quot;swiper_items_tablet_extra&quot;:&quot;3&quot;,&quot;swiper_items_mobile_extra&quot;:&quot;auto-fixed&quot;,&quot;swiper_items_mobile&quot;:&quot;auto-fixed&quot;,&quot;swiper_items_tablet&quot;:&quot;2&quot;}\" data-widget_type=\"tm-product-carousel.default\">\n\t\t\t\t<div class=\"elementor-widget-container\">\n\t\t\t\t\t\n\t\t<div class=\"group-style-01 minimog-product style-carousel-01 caption-style-01 tm-swiper tm-slider-widget use-elementor-breakpoints nav-style-01\" data-items-desktop=\"4\" data-items-tablet-extra=\"3\" data-items-tablet=\"2\" data-items-mobile-extra=\"auto-fixed\" data-items-mobile=\"auto-fixed\" data-items-group-desktop=\"inherit\" data-gutter-desktop=\"30\" data-gutter-tablet=\"10\" data-nav=\"1\" data-nav-aligned-by=\"slider\" data-nav-style=\"01\" data-loop=\"1\" data-simulate-touch=\"1\" data-effect=\"slide\" style=\"--slide-gutter: 30px\">\n\t\t\t<div class=\"swiper-inner\">\n\n\t\t\t\t\n\t\t\t\t<div class=\"swiper\">\n\t\t\t\t\t<div class=\"swiper-wrapper\">\n\t\t\t\t\t\t\t\t\t\t\t\t\t<\/div>\n\t\t\t\t<\/div>\n\n\t\t\t\t\n\t\t\t<\/div>\n\t\t<\/div>\n\t\t\t\t\t\t<\/div>\n\t\t\t\t<\/div>\n\t\t\t\t\t<\/div>\n\t\t<\/div>\n\t\t\t\t\t<\/div>\n\t\t<\/section>\n\t\t\t\t<section class=\"elementor-section elementor-top-section elementor-element elementor-element-c3f1187 elementor-section-height-min-height elementor-hidden-widescreen elementor-hidden-desktop elementor-hidden-laptop elementor-hidden-tablet_extra elementor-hidden-tablet elementor-hidden-mobile_extra elementor-hidden-mobile elementor-section-boxed elementor-section-gap-beside-yes elementor-section-height-default elementor-section-items-middle elementor-section-column-vertical-align-stretch\" data-id=\"c3f1187\" data-element_type=\"section\" data-settings=\"{&quot;background_background&quot;:&quot;classic&quot;}\">\n\t\t\t\t\t\t<div class=\"elementor-container elementor-column-gap-extended\">\n\t\t\t\t\t<div class=\"elementor-column elementor-col-100 elementor-top-column elementor-element elementor-element-4db0873\" data-id=\"4db0873\" data-element_type=\"column\">\n\t\t\t<div class=\"elementor-widget-wrap\">\n\t\t\t\t\t\t\t<\/div>\n\t\t<\/div>\n\t\t\t\t\t<\/div>\n\t\t<\/section>\n\t\t\t\t<\/div>\n\t\t","protected":false},"excerpt":{"rendered":"<p>Shop Collection Shop Collection More people will decide Quick view In den Warenkorb JNR Falcon X 18K Puff Vape Wassermelonen-Kaugummi 2% Nikotinst\u00e4rke &euro;25.99 Urspr\u00fcnglicher Preis war: &euro;25.99&euro;12.99Aktueller Preis ist: &euro;12.99. Quick view In den Warenkorb JNR Falcon X 18K Puff Vape Traubeneis 2% Nikotinst\u00e4rke &euro;25.99 Urspr\u00fcnglicher Preis war: &euro;25.99&euro;12.99Aktueller Preis ist: &euro;12.99. Quick view Ausf\u00fchrung w\u00e4hlen Dieses Produkt weist mehrere Varianten auf. Die Optionen k\u00f6nnen auf der Produktseite gew\u00e4hlt werden Vaapee X 30K Z\u00fcge Fingerber\u00fchrungs-E-Zigaretten &euro;20.99 Urspr\u00fcnglicher Preis war: &euro;20.99&euro;12.99Aktueller Preis ist: &euro;12.99. Quick view In den Warenkorb JNR Falcon X 18K Puff Vape Erdbeer-Kiwi 2% Nikotinst\u00e4rke &euro;25.99 Urspr\u00fcnglicher Preis war: &euro;25.99&euro;12.99Aktueller Preis ist: &euro;12.99. Quick view In den Warenkorb JNR Falcon X 18K Puff Vape Kiwi-Wassermelonen-Eis 2% Nikotinst\u00e4rke &euro;25.99 Urspr\u00fcnglicher Preis war: &euro;25.99&euro;12.99Aktueller Preis ist: &euro;12.99. Quick view Ausf\u00fchrung w\u00e4hlen Dieses Produkt weist mehrere Varianten auf. Die Optionen k\u00f6nnen auf der Produktseite gew\u00e4hlt werden VaaPee Tornado 25K Puffs Einweg-E-Zigarette &euro;20.99 Urspr\u00fcnglicher Preis war: &euro;20.99&euro;10.99Aktueller Preis ist: &euro;10.99. Quick view In den Warenkorb JNR Falcon X 18K Puff Vape Erdbeereis 2% Nikotinst\u00e4rke &euro;25.99 Urspr\u00fcnglicher Preis war: &euro;25.99&euro;12.99Aktueller Preis ist: &euro;12.99. Quick view Ausf\u00fchrung w\u00e4hlen Dieses Produkt weist mehrere Varianten auf. Die Optionen k\u00f6nnen auf der Produktseite gew\u00e4hlt werden Vaapee Double 45K Puffs Einweg-E-Zigarette &euro;27.99 Urspr\u00fcnglicher Preis war: &euro;27.99&euro;15.99Aktueller Preis ist: &euro;15.99. Shop now The ideal choice for e-cigarette users Der JNR Falcon X 18000 liefert 18.000 genussvolle Z\u00fcge dank fortschrittlicher Dual-Mesh-Coil-Technologie. Erleben Sie atemberaubende Geschmacksintensit\u00e4t mit 29 Premium-Aromen. Das smarte Digitaldisplay informiert Sie stets \u00fcber den aktuellen Status, w\u00e4hrend der leistungsstarke 950-mAh-Akku f\u00fcr langanhaltende Performance sorgt. Mit der Option f\u00fcr 2 % Nikotinsalz und schnellem EU-Versand erwartet Sie Ihr perfektes Dampferlebnis. Shop now Bestseller Quick view In den Warenkorb JNR Falcon X 18K Puff Vape Kiwi-Wassermelonen-Eis 2% Nikotinst\u00e4rke &euro;25.99 Urspr\u00fcnglicher Preis war: &euro;25.99&euro;12.99Aktueller Preis ist: &euro;12.99. Quick view In den Warenkorb JNR Falcon X 18K Puff Vape Traubeneis 2% Nikotinst\u00e4rke &euro;25.99 Urspr\u00fcnglicher Preis war: &euro;25.99&euro;12.99Aktueller Preis ist: &euro;12.99. Quick view In den Warenkorb JNR Falcon X 18K Puff Vape K\u00fchle Minze 2% Nikotinst\u00e4rke &euro;25.99 Urspr\u00fcnglicher Preis war: &euro;25.99&euro;12.99Aktueller Preis ist: &euro;12.99. Quick view In den Warenkorb JNR Falcon X 18K Puff Vape Kirsch-Wassermelonen-Eis 2% Nikotinst\u00e4rke &euro;25.99 Urspr\u00fcnglicher Preis war: &euro;25.99&euro;12.99Aktueller Preis ist: &euro;12.99. Quick view In den Warenkorb JNR Falcon X 18K Puff Vape Kirsch-Cola 2% Nikotinst\u00e4rke &euro;25.99 Urspr\u00fcnglicher Preis war: &euro;25.99&euro;12.99Aktueller Preis ist: &euro;12.99. Quick view In den Warenkorb JNR Falcon X 18K Puff Vape Blaubeere Himbeere 2% Nikotinst\u00e4rke &euro;25.99 Urspr\u00fcnglicher Preis war: &euro;25.99&euro;12.99Aktueller Preis ist: &euro;12.99. Quick view In den Warenkorb JNR Falcon X 18K Puff Vape Blaubeereis 2% Nikotinst\u00e4rke &euro;25.99 Urspr\u00fcnglicher Preis war: &euro;25.99&euro;12.99Aktueller Preis ist: &euro;12.99. Quick view In den Warenkorb JNR Falcon X 18K Puff Vape Blaue Himbeere Kirschen 2% Nikotinst\u00e4rke &euro;25.99 Urspr\u00fcnglicher Preis war: &euro;25.99&euro;12.99Aktueller Preis ist: &euro;12.99.<\/p>\n","protected":false},"author":1,"featured_media":0,"parent":0,"menu_order":0,"comment_status":"closed","ping_status":"closed","template":"","meta":{"footnotes":""},"class_list":["post-23335","page","type-page","status-publish","hentry","post-no-thumbnail"],"_hostinger_reach_plugin_has_subscription_block":false,"_hostinger_reach_plugin_is_elementor":false,"_links":{"self":[{"href":"https:\/\/www.nicoou.com\/en\/wp-json\/wp\/v2\/pages\/23335","targetHints":{"allow":["GET"]}}],"collection":[{"href":"https:\/\/www.nicoou.com\/en\/wp-json\/wp\/v2\/pages"}],"about":[{"href":"https:\/\/www.nicoou.com\/en\/wp-json\/wp\/v2\/types\/page"}],"author":[{"embeddable":true,"href":"https:\/\/www.nicoou.com\/en\/wp-json\/wp\/v2\/users\/1"}],"replies":[{"embeddable":true,"href":"https:\/\/www.nicoou.com\/en\/wp-json\/wp\/v2\/comments?post=23335"}],"version-history":[{"count":1,"href":"https:\/\/www.nicoou.com\/en\/wp-json\/wp\/v2\/pages\/23335\/revisions"}],"predecessor-version":[{"id":23336,"href":"https:\/\/www.nicoou.com\/en\/wp-json\/wp\/v2\/pages\/23335\/revisions\/23336"}],"wp:attachment":[{"href":"https:\/\/www.nicoou.com\/en\/wp-json\/wp\/v2\/media?parent=23335"}],"curies":[{"name":"wp","href":"https:\/\/api.w.org\/{rel}","templated":true}]}}